{"id":9108,"date":"2023-06-28T11:41:55","date_gmt":"2023-06-28T03:41:55","guid":{"rendered":"https:\/\/frd-med.com\/?post_type=product&#038;p=9108"},"modified":"2023-07-04T14:17:41","modified_gmt":"2023-07-04T06:17:41","slug":"%e7%bb%84%e5%90%88%e5%bc%8f%e4%ba%ba%e5%b7%a5%e6%b0%94%e5%80%99%e7%ae%b1","status":"publish","type":"product","link":"https:\/\/frd-med.com\/index.php\/product\/%e7%bb%84%e5%90%88%e5%bc%8f%e4%ba%ba%e5%b7%a5%e6%b0%94%e5%80%99%e7%ae%b1\/","title":{"rendered":"\u7ec4\u5408\u5f0f\u4eba\u5de5\u6c14\u5019\u7bb1"},"content":{"rendered":"<p><strong>\u4ea7\u54c1\u8be6\u60c5<\/strong><\/p>\n<p>\u7ec4\u5408\u5f0f\u4eba\u5de5\u6c14\u5019\u7bb1\u4ea7\u54c1\u4ecb\u7ecd\uff1a<\/p>\n<p>\u53e0\u52a0\u5f0f\u5206\u533a\u63a7\u5236\u4eba\u5de5\u6c14\u5019\u7bb1\u662f\u5728\u666e\u901a\u751f\u5316\u57f9\u517b\u7bb1\u57fa\u7840\u4e0a\u6539\u8fdb\u5f00\u53d1\u800c\u6210\uff0c\u4e3a\u4e86\u6ee1\u8db3\u5b9e\u9a8c\u7684\u591a\u6837\u6027\u9700\u6c42\uff0c\u53ef\u5c062~3\u53f0\u4eba\u5de5\u6c14\u5019\u7bb1\u53e0\u52a0\u81f3\u4e00\u53f0\u4e4b\u4e2d\uff0c\u51cf\u5c11\u5b9e\u9a8c\u5ba4\u5360\u5730\uff0c\u63d0\u9ad8\u5229\u7528\u7387\u3002\u5e76\u4e14\u53ef\u4ee5\u5728\u4e00\u53f0\u673a\u5668\u4e0a\u5b9e\u73b0\u591a\u533a\u57df\u63a7\u6e29\u3001\u63a7\u6e7f\u7684\u8981\u6c42\u3002\u9002\u7528\u4e8e\u73af\u5883\u4fdd\u62a4\u3001\u536b\u751f\u9632\u75ab\u3001\u519c\u755c\u3001\u836f\u68c0\u3001\u6c34\u4ea7\u7b49\u79d1\u7814\u3001\u9662\u6821\u5b9e\u9a8c\u548c\u751f\u4ea7\u90e8\u95e8\uff0c\u662f\u6c34\u4f53\u5206\u6790\u548cBOD\u6d4b\u5b9a\u7ec6\u83cc\u3001\u9709\u83cc\u3001\u5fae\u751f\u7269\u7684\u57f9\u517b\u3001\u4fdd\u5b58\u3001\u690d\u7269\u7684\u683d\u57f9\u3001\u80b2\u79cd\u5b9e\u9a8c\u7684\u73af\u5883\u6a21\u62df\u8bbe\u5907\u3002<\/p>\n<p>\u7ec4\u5408\u5f0f\u4eba\u5de5\u6c14\u5019\u7bb1\u4ea7\u54c1\u7279\u70b9\uff1a<\/p>\n<p>1\u3001\u591a\u5c42\u5408\u4f53\u53e0\u52a0\u5f0f\uff0c\u4f7f\u7528\u65b9\u4fbf\uff0c\u4e0d\u5360\u7a7a\u95f4\u3002<\/p>\n<p>2\u3001\u5355\u4e2a\u533a\u57df\u53ef\u5206\u522b\u8bbe\u5b9a\u6e29\u5ea6\u3001\u6e7f\u5ea6\u3001\u5149\u7167\uff0c\u5e76\u53ef\u4ee5\u5b9e\u65f6\u76d1\u6d4b\u6e29\u5ea6\u3001\u6e7f\u5ea6\u3001\u5149\u7167\u53d8\u52a8\u3002<\/p>\n<p>3\u3001\u6240\u6709\u7cfb\u7edf\u5747\u4e2a\u522b\u72ec\u7acb\uff1a\u91c7\u4e09\u5957\u5f0f\u63a7\u6e29\u7cfb\u7edf\u3001\u4e09\u5957\u52a0\u6e29\u52a0\u6e7f\u7cfb\u7edf\u3001\u4e09\u5957\u5149\u7167\u7cfb\u7edf\u56e0\u6b64\u63a7\u5236\u7a33\u5b9a\u3001\u7cbe\u786e\u5ea6\u9ad8\uff0c\u5e76\u53ef\u5ef6\u957f\u673a\u4ef6\u4f7f\u7528\u5bff\u547d\u3002<\/p>\n<p>4\u3001\u5149\u7167\u5ea6\u53ef\u4ee5\u5206\u516d\u7ea7\u8c03\u6574\u8bbe\u7f6e\uff0c\u53ef\u591a\u6bb5\u7f16\u7a0b\u63a7\u5236\uff0c\u5b9e\u73b0\u73af\u5883\u6a21\u62df\u3002<\/p>\n<p>5\u3001LCD\u6db2\u6676\u663e\u793a\uff0c\u89e6\u6478\u5f0f\u8bbe\u5b9a\u65b9\u5f0f\uff0c\u5fae\u7535\u8111\u81ea\u52a8\u63a7\u5236\uff0c\u53ef\u5e26\u5bc6\u7801\u9501\u5b9a\u53c2\u6570\uff0c\u5e76\u5177\u6709 PID\u503c\u81ea\u52a8\u6f14\u7b97\u529f\u80fd\u3002<\/p>\n<p>6\u3001\u5916\u58f3\u4e3a\u4f18\u8d28\u51b7\u8f67\u94a2\u677f\u9759\u7535\u55b7\u5851\uff0c\u5185\u80c6\u4e3a\u8fdb\u53e3304\u955c\u9762\u4e0d\u9508\u94a2\u5236\u6210\uff0c\u5168\u6570\u63a7\u673a\u5e8a\u52a0\u5de5\uff0c\u7cbe\u5bc6\u5ea6\u9ad8\u3002<\/p>\n<p>7\u3001\u53ef\u591a\u6bb5\u7f16\u7a0b\uff0c\u5b9e\u73b0\u64cd\u63a7\u81ea\u52a8\u5316\uff0c\u6bcf\u6bb5\u53ef\u8bbe\u5b9a\u65f6\u95f4\u3001\u6e29\u5ea6\u3001\u6e7f\u5ea6\u3001\u5149\u7167\u7b49\u4e0d\u540c\u53c2\u6570\u3002<\/p>\n<p>8\u3001\u8bbe\u6709\u8fd0\u884c\u53c2\u6570\u8bb0\u5fc6\u529f\u80fd\uff0c\u907f\u514d\u7e41\u7410\u64cd\u4f5c\u5e76\u5bc6\u7801\u9501\u5b9a\u675c\u7edd\u4eba\u4e3a\u8bef\u64cd\u4f5c\u3002<\/p>\n<p>9\u3001\u8bbe\u6709\u6765\u7535\u6062\u590d\u529f\u80fd\uff0c\u4e0d\u53d7\u7535\u6e90\u95f4\u65ad\u5f71\u54cd\uff0c\u8bbe\u5907\u53ef\u81ea\u52a8\u6309\u539f\u8bbe\u5b9a\u7a0b\u5e8f\u6062\u590d\u8fd0\u884c\u3002<\/p>\n<p>10\u3001\u76f4\u63a5\u52a0\u70ed\u65b9\u5f0f\u53ef\u4ee5\u4fdd\u8bc1\u6837\u54c1\u8154\u5185\u6e29\u5ea6\u5feb\u901f\u6062\u590d\uff0c\u800c\u6c14\u5957\u8bbe\u8ba1\u5219\u51cf\u5c11\u73af\u5883\u6e29\u5ea6\u5e72\u6270\u3002<\/p>\n<p>11\u3001\u5f3a\u5236\u7a7a\u6c14\u5bf9\u6d41\uff0cCESAFE\u6280\u672f\uff0c\u4fdd\u8bc1\u7a7a\u6c14\u6d41\u52a8\u65b9\u5411\uff0c\u51cf\u5c11\u6c61\u67d3\u3002<\/p>\n<p>12\u3001\u5927\u89c6\u89d2\u7a97\u4e0e\u5185\u7f6e\u7167\u660e\u706f\u5149\uff0c\u6574\u4e2a\u5de5\u4f5c\u72b6\u6001\u6e05\u6670\u81ea\u7136\u3002<\/p>\n<p>13\u3001\u5408\u4f5c\u5f00\u53d1\u7684\u7535\u5b50\u539f\u5668\u4ef6\u548c\u4f20\u611f\u5668\u5747\uff0c\u5177\u6709\u826f\u597d\u7684\u5339\u914d\u6027\u548c\u96f6\u6f02\u79fb\uff0c\u8fdb\u800c\u5c3d\u53ef\u80fd\u964d\u4f4e\u4e86\u6821\u51c6\u7684\u6b21\u6570\u3002<\/p>\n<p>14\u3001\u8f93\u51fa\u53ef\u9009\u62e9\u6e29\u5ea6\u8bb0\u5f55\u4eea\uff0c\u5fae\u578b\u6253\u5370\u673a\u6216\u9009\u62e9RS485\u63a5\u53e3\u548c\u4e0a\u4f4d\u673a\u901a\u8baf\u3002\u5b9e\u73b0\u8fdc\u7a0b\u63a7\u5236\u3002\uff08\u9009\u914d\uff09<\/p>\n<p>15\u3001\u8bbe\u5907\u51fa\u73b0\u5f02\u5e38\u60c5\u51b5\u65f6\u53ef\u901a\u8fc7\u8bed\u8a00\u901a\u77e5\u7528\u6237\uff0c\u5b9e\u73b0\u8fdc\u7a0b\u62a5\u8b66\uff0c\u5b9e\u73b0\u65e0\u4eba\u5316\u8bd5\u9a8c\u3002\uff08\u9009\u914d\uff09<\/p>\n<p>\u6280\u672f\u53c2\u6570\uff1a<\/p>\n<table width=\"1064\">\n<tbody>\n<tr>\n<td width=\"146\">\u578b\u53f7<\/td>\n<td width=\"250\">GS-100<\/td>\n<td width=\"297\">GS-200<\/td>\n<\/tr>\n<tr>\n<td width=\"146\">\u6d4b\u8bd5\u533a\u5c3a\u5bf8<\/td>\n<td width=\"250\">500\u00d7400\u00d7500mm\u00d72\u5c42<\/td>\n<td width=\"297\">500\u00d7500\u00d7400mm\u00d73\u5c42<\/td>\n<\/tr>\n<tr>\n<td width=\"146\">\u5916\u578b\u5c3a<\/td>\n<td width=\"250\">980\u00d71080\u00d71380mm<\/td>\n<td width=\"297\">980\u00d71080\u00d71780mm<\/td>\n<\/tr>\n<tr>\n<td width=\"146\">\u5de5\u4f5c\u6e29\u5ea6\u8303\u56f4<\/td>\n<td colspan=\"2\" width=\"546\">5~60\u2103\uff08\u6bcf\u5c42\u5355\u72ec\u63a7\u5236\uff09<\/td>\n<\/tr>\n<tr>\n<td width=\"146\">\u663e\u793a\u7cbe\u5ea6<\/td>\n<td colspan=\"2\" width=\"546\">0.1\u2103<\/td>\n<\/tr>\n<tr>\n<td width=\"146\">\u6ce2\u52a8\u5ea6<\/td>\n<td colspan=\"2\" width=\"546\">\u6bcf\u5c42\u2264\u00b10.5\u2103<\/td>\n<\/tr>\n<tr>\n<td width=\"146\">\u6e7f\u5ea6\u8303\u56f4<\/td>\n<td colspan=\"2\" width=\"546\">50%~98%RH\uff08\u6bcf\u5c42\u5355\u72ec\u63a7\u5236\uff09<\/td>\n<\/tr>\n<tr>\n<td width=\"146\">\u6e7f\u5ea6\u6ce2\u52a8\u5ea6<\/td>\n<td colspan=\"2\" width=\"546\">\u00b15-7%RH<\/td>\n<\/tr>\n<tr>\n<td width=\"146\">\u5149\u7167\u5ea6<\/td>\n<td colspan=\"2\" width=\"546\">0~10000LX\u6bcf\u5c42<\/td>\n<\/tr>\n<tr>\n<td width=\"146\">\u5149\u7167\u8c03\u8282<\/td>\n<td colspan=\"2\" width=\"546\">\u516d\u7ea7\u53ef\u8c03\uff0c\u53ef\u4f60\u7f16\u7a0b\u63a7\u5236<\/td>\n<\/tr>\n<tr>\n<td width=\"146\">\u5916\u90e8\u6750\u8d28<\/td>\n<td colspan=\"2\" width=\"546\">\u8010\u9ad8\u4f4e\u6e29\u94a2\u677f\uff0c\u7c89\u4f53\u70e4\u6f06<\/td>\n<\/tr>\n<tr>\n<td width=\"146\">\u5185\u90e8\u6750\u8d28<\/td>\n<td colspan=\"2\" width=\"546\">SUS#304\u00a0\u8010\u9ad8\u4f4e\u6e29\u4e0d\u9508\u94a2\u677f<\/td>\n<\/tr>\n<tr>\n<td width=\"146\">\u9694\u70ed\u6750\u8d28<\/td>\n<td colspan=\"2\" width=\"546\">\u9ad8\u5f3a\u5ea6PU\u53d1\u6ce1\u4e0e\u9ad8\u5bc6\u5ea6\u73bb\u7483\u7ea4\u7ef4\u68c9<\/td>\n<\/tr>\n<tr>\n<td width=\"146\">\u63a7\u5236\u7cfb\u7edf<\/td>\n<td colspan=\"2\" width=\"546\">\u5fae\u7535\u8111\u63a7\u5236\u5668\uff0cLCD\u6db2\u6676\u663e\u793a\uff0c\u89e6\u6478\u8bbe\u5b9a\u3002<\/td>\n<\/tr>\n<tr>\n<td width=\"146\">\u7535\u6e90<\/td>\n<td colspan=\"2\" width=\"546\">220V \u00a060\/50Hz<\/td>\n<\/tr>\n<tr>\n<td width=\"146\">\u5907\u6ce8<\/td>\n<td colspan=\"2\" width=\"546\">\u6807\u914d\u6bcf\u5c42100L\uff0c\u53ef\u4ee5\u9009\u914d\u6bcf\u5c42200L\u3001300L\u7b49\uff0c\u8be6\u8be2\u5ba2\u670d<\/td>\n<\/tr>\n<\/tbody>\n<\/table>\n<p>&nbsp;<\/p>\n<p>&nbsp;<\/p>\n","protected":false},"excerpt":{"rendered":"<p>\u4ea7\u54c1\u8be6\u60c5 \u7ec4\u5408\u5f0f\u4eba\u5de5\u6c14\u5019\u7bb1\u4ea7\u54c1\u4ecb\u7ecd\uff1a \u53e0\u52a0\u5f0f\u5206\u533a\u63a7\u5236\u4eba\u5de5\u6c14\u5019\u7bb1\u662f\u5728\u666e\u901a\u751f\u5316\u57f9\u517b\u7bb1\u57fa\u7840\u4e0a\u6539\u8fdb\u5f00\u53d1\u800c\u6210\uff0c\u4e3a\u4e86\u6ee1\u8db3\u5b9e [&hellip;]<\/p>\n","protected":false},"featured_media":9109,"comment_status":"open","ping_status":"closed","template":"","meta":{"pmpro_default_level":0},"product_cat":[223],"product_tag":[],"class_list":["post-9108","product","type-product","status-publish","has-post-thumbnail","hentry","product_cat-223","pmpro-has-access"],"yoast_head":"<!-- This site is optimized with the Yoast SEO plugin v20.12 - https:\/\/yoast.com\/wordpress\/plugins\/seo\/ -->\n<title>\u7ec4\u5408\u5f0f\u4eba\u5de5\u6c14\u5019\u7bb1 - \u5bcc\u745e\u8fbe<\/title>\n<meta name=\"robots\" content=\"index, follow, max-snippet:-1, max-image-preview:large, max-video-preview:-1\" \/>\n<link rel=\"canonical\" href=\"https:\/\/frd-med.com\/index.php\/product\/\u7ec4\u5408\u5f0f\u4eba\u5de5\u6c14\u5019\u7bb1\/\" \/>\n<meta property=\"og:locale\" content=\"zh_CN\" \/>\n<meta property=\"og:type\" content=\"article\" \/>\n<meta property=\"og:title\" content=\"\u7ec4\u5408\u5f0f\u4eba\u5de5\u6c14\u5019\u7bb1 - \u5bcc\u745e\u8fbe\" \/>\n<meta property=\"og:description\" content=\"\u4ea7\u54c1\u8be6\u60c5 \u7ec4\u5408\u5f0f\u4eba\u5de5\u6c14\u5019\u7bb1\u4ea7\u54c1\u4ecb\u7ecd\uff1a \u53e0\u52a0\u5f0f\u5206\u533a\u63a7\u5236\u4eba\u5de5\u6c14\u5019\u7bb1\u662f\u5728\u666e\u901a\u751f\u5316\u57f9\u517b\u7bb1\u57fa\u7840\u4e0a\u6539\u8fdb\u5f00\u53d1\u800c\u6210\uff0c\u4e3a\u4e86\u6ee1\u8db3\u5b9e [&hellip;]\" \/>\n<meta property=\"og:url\" content=\"https:\/\/frd-med.com\/index.php\/product\/\u7ec4\u5408\u5f0f\u4eba\u5de5\u6c14\u5019\u7bb1\/\" \/>\n<meta property=\"og:site_name\" content=\"\u5bcc\u745e\u8fbe\" \/>\n<meta property=\"article:modified_time\" content=\"2023-07-04T06:17:41+00:00\" \/>\n<meta property=\"og:image\" content=\"https:\/\/frd-med.com\/wp-content\/uploads\/2023\/06\/\u7ec4\u5408\u5f0f\u4eba\u5de5\u6c14\u5019\u7bb11.jpg\" \/>\n\t<meta property=\"og:image:width\" content=\"750\" \/>\n\t<meta property=\"og:image:height\" content=\"750\" \/>\n\t<meta property=\"og:image:type\" content=\"image\/jpeg\" \/>\n<meta name=\"twitter:card\" content=\"summary_large_image\" \/>\n<script type=\"application\/ld+json\" class=\"yoast-schema-graph\">{\"@context\":\"https:\/\/schema.org\",\"@graph\":[{\"@type\":\"WebPage\",\"@id\":\"https:\/\/frd-med.com\/index.php\/product\/%e7%bb%84%e5%90%88%e5%bc%8f%e4%ba%ba%e5%b7%a5%e6%b0%94%e5%80%99%e7%ae%b1\/\",\"url\":\"https:\/\/frd-med.com\/index.php\/product\/%e7%bb%84%e5%90%88%e5%bc%8f%e4%ba%ba%e5%b7%a5%e6%b0%94%e5%80%99%e7%ae%b1\/\",\"name\":\"\u7ec4\u5408\u5f0f\u4eba\u5de5\u6c14\u5019\u7bb1 - \u5bcc\u745e\u8fbe\",\"isPartOf\":{\"@id\":\"https:\/\/frd-med.com\/#website\"},\"datePublished\":\"2023-06-28T03:41:55+00:00\",\"dateModified\":\"2023-07-04T06:17:41+00:00\",\"breadcrumb\":{\"@id\":\"https:\/\/frd-med.com\/index.php\/product\/%e7%bb%84%e5%90%88%e5%bc%8f%e4%ba%ba%e5%b7%a5%e6%b0%94%e5%80%99%e7%ae%b1\/#breadcrumb\"},\"inLanguage\":\"zh-Hans\",\"potentialAction\":[{\"@type\":\"ReadAction\",\"target\":[\"https:\/\/frd-med.com\/index.php\/product\/%e7%bb%84%e5%90%88%e5%bc%8f%e4%ba%ba%e5%b7%a5%e6%b0%94%e5%80%99%e7%ae%b1\/\"]}]},{\"@type\":\"BreadcrumbList\",\"@id\":\"https:\/\/frd-med.com\/index.php\/product\/%e7%bb%84%e5%90%88%e5%bc%8f%e4%ba%ba%e5%b7%a5%e6%b0%94%e5%80%99%e7%ae%b1\/#breadcrumb\",\"itemListElement\":[{\"@type\":\"ListItem\",\"position\":1,\"name\":\"\u9996\u9875\",\"item\":\"https:\/\/frd-med.com\/\"},{\"@type\":\"ListItem\",\"position\":2,\"name\":\"\u4e91\u5546\u57ce\",\"item\":\"https:\/\/frd-med.com\/index.php\/shop\/\"},{\"@type\":\"ListItem\",\"position\":3,\"name\":\"\u7ec4\u5408\u5f0f\u4eba\u5de5\u6c14\u5019\u7bb1\"}]},{\"@type\":\"WebSite\",\"@id\":\"https:\/\/frd-med.com\/#website\",\"url\":\"https:\/\/frd-med.com\/\",\"name\":\"\u5bcc\u745e\u8fbe\",\"description\":\"\u6df1\u5733\u5e02\u5bcc\u745e\u8fbe\u533b\u7597\u5668\u68b0\u6280\u672f\u670d\u52a1\",\"publisher\":{\"@id\":\"https:\/\/frd-med.com\/#organization\"},\"alternateName\":\"Frd-Med\",\"potentialAction\":[{\"@type\":\"SearchAction\",\"target\":{\"@type\":\"EntryPoint\",\"urlTemplate\":\"https:\/\/frd-med.com\/?s={search_term_string}\"},\"query-input\":\"required name=search_term_string\"}],\"inLanguage\":\"zh-Hans\"},{\"@type\":\"Organization\",\"@id\":\"https:\/\/frd-med.com\/#organization\",\"name\":\"\u5bcc\u745e\u8fbe\",\"url\":\"https:\/\/frd-med.com\/\",\"logo\":{\"@type\":\"ImageObject\",\"inLanguage\":\"zh-Hans\",\"@id\":\"https:\/\/frd-med.com\/#\/schema\/logo\/image\/\",\"url\":\"https:\/\/frd-med.com\/wp-content\/uploads\/2022\/07\/cropped-\u5bcc\u745e\u8fbe-400X400.png\",\"contentUrl\":\"https:\/\/frd-med.com\/wp-content\/uploads\/2022\/07\/cropped-\u5bcc\u745e\u8fbe-400X400.png\",\"width\":344,\"height\":335,\"caption\":\"\u5bcc\u745e\u8fbe\"},\"image\":{\"@id\":\"https:\/\/frd-med.com\/#\/schema\/logo\/image\/\"}}]}<\/script>\n<!-- \/ Yoast SEO plugin. -->","yoast_head_json":{"title":"\u7ec4\u5408\u5f0f\u4eba\u5de5\u6c14\u5019\u7bb1 - \u5bcc\u745e\u8fbe","robots":{"index":"index","follow":"follow","max-snippet":"max-snippet:-1","max-image-preview":"max-image-preview:large","max-video-preview":"max-video-preview:-1"},"canonical":"https:\/\/frd-med.com\/index.php\/product\/\u7ec4\u5408\u5f0f\u4eba\u5de5\u6c14\u5019\u7bb1\/","og_locale":"zh_CN","og_type":"article","og_title":"\u7ec4\u5408\u5f0f\u4eba\u5de5\u6c14\u5019\u7bb1 - \u5bcc\u745e\u8fbe","og_description":"\u4ea7\u54c1\u8be6\u60c5 \u7ec4\u5408\u5f0f\u4eba\u5de5\u6c14\u5019\u7bb1\u4ea7\u54c1\u4ecb\u7ecd\uff1a \u53e0\u52a0\u5f0f\u5206\u533a\u63a7\u5236\u4eba\u5de5\u6c14\u5019\u7bb1\u662f\u5728\u666e\u901a\u751f\u5316\u57f9\u517b\u7bb1\u57fa\u7840\u4e0a\u6539\u8fdb\u5f00\u53d1\u800c\u6210\uff0c\u4e3a\u4e86\u6ee1\u8db3\u5b9e [&hellip;]","og_url":"https:\/\/frd-med.com\/index.php\/product\/\u7ec4\u5408\u5f0f\u4eba\u5de5\u6c14\u5019\u7bb1\/","og_site_name":"\u5bcc\u745e\u8fbe","article_modified_time":"2023-07-04T06:17:41+00:00","og_image":[{"width":750,"height":750,"url":"https:\/\/frd-med.com\/wp-content\/uploads\/2023\/06\/\u7ec4\u5408\u5f0f\u4eba\u5de5\u6c14\u5019\u7bb11.jpg","type":"image\/jpeg"}],"twitter_card":"summary_large_image","schema":{"@context":"https:\/\/schema.org","@graph":[{"@type":"WebPage","@id":"https:\/\/frd-med.com\/index.php\/product\/%e7%bb%84%e5%90%88%e5%bc%8f%e4%ba%ba%e5%b7%a5%e6%b0%94%e5%80%99%e7%ae%b1\/","url":"https:\/\/frd-med.com\/index.php\/product\/%e7%bb%84%e5%90%88%e5%bc%8f%e4%ba%ba%e5%b7%a5%e6%b0%94%e5%80%99%e7%ae%b1\/","name":"\u7ec4\u5408\u5f0f\u4eba\u5de5\u6c14\u5019\u7bb1 - \u5bcc\u745e\u8fbe","isPartOf":{"@id":"https:\/\/frd-med.com\/#website"},"datePublished":"2023-06-28T03:41:55+00:00","dateModified":"2023-07-04T06:17:41+00:00","breadcrumb":{"@id":"https:\/\/frd-med.com\/index.php\/product\/%e7%bb%84%e5%90%88%e5%bc%8f%e4%ba%ba%e5%b7%a5%e6%b0%94%e5%80%99%e7%ae%b1\/#breadcrumb"},"inLanguage":"zh-Hans","potentialAction":[{"@type":"ReadAction","target":["https:\/\/frd-med.com\/index.php\/product\/%e7%bb%84%e5%90%88%e5%bc%8f%e4%ba%ba%e5%b7%a5%e6%b0%94%e5%80%99%e7%ae%b1\/"]}]},{"@type":"BreadcrumbList","@id":"https:\/\/frd-med.com\/index.php\/product\/%e7%bb%84%e5%90%88%e5%bc%8f%e4%ba%ba%e5%b7%a5%e6%b0%94%e5%80%99%e7%ae%b1\/#breadcrumb","itemListElement":[{"@type":"ListItem","position":1,"name":"\u9996\u9875","item":"https:\/\/frd-med.com\/"},{"@type":"ListItem","position":2,"name":"\u4e91\u5546\u57ce","item":"https:\/\/frd-med.com\/index.php\/shop\/"},{"@type":"ListItem","position":3,"name":"\u7ec4\u5408\u5f0f\u4eba\u5de5\u6c14\u5019\u7bb1"}]},{"@type":"WebSite","@id":"https:\/\/frd-med.com\/#website","url":"https:\/\/frd-med.com\/","name":"\u5bcc\u745e\u8fbe","description":"\u6df1\u5733\u5e02\u5bcc\u745e\u8fbe\u533b\u7597\u5668\u68b0\u6280\u672f\u670d\u52a1","publisher":{"@id":"https:\/\/frd-med.com\/#organization"},"alternateName":"Frd-Med","potentialAction":[{"@type":"SearchAction","target":{"@type":"EntryPoint","urlTemplate":"https:\/\/frd-med.com\/?s={search_term_string}"},"query-input":"required name=search_term_string"}],"inLanguage":"zh-Hans"},{"@type":"Organization","@id":"https:\/\/frd-med.com\/#organization","name":"\u5bcc\u745e\u8fbe","url":"https:\/\/frd-med.com\/","logo":{"@type":"ImageObject","inLanguage":"zh-Hans","@id":"https:\/\/frd-med.com\/#\/schema\/logo\/image\/","url":"https:\/\/frd-med.com\/wp-content\/uploads\/2022\/07\/cropped-\u5bcc\u745e\u8fbe-400X400.png","contentUrl":"https:\/\/frd-med.com\/wp-content\/uploads\/2022\/07\/cropped-\u5bcc\u745e\u8fbe-400X400.png","width":344,"height":335,"caption":"\u5bcc\u745e\u8fbe"},"image":{"@id":"https:\/\/frd-med.com\/#\/schema\/logo\/image\/"}}]}},"_links":{"self":[{"href":"https:\/\/frd-med.com\/index.php\/wp-json\/wp\/v2\/product\/9108","targetHints":{"allow":["GET"]}}],"collection":[{"href":"https:\/\/frd-med.com\/index.php\/wp-json\/wp\/v2\/product"}],"about":[{"href":"https:\/\/frd-med.com\/index.php\/wp-json\/wp\/v2\/types\/product"}],"replies":[{"embeddable":true,"href":"https:\/\/frd-med.com\/index.php\/wp-json\/wp\/v2\/comments?post=9108"}],"wp:featuredmedia":[{"embeddable":true,"href":"https:\/\/frd-med.com\/index.php\/wp-json\/wp\/v2\/media\/9109"}],"wp:attachment":[{"href":"https:\/\/frd-med.com\/index.php\/wp-json\/wp\/v2\/media?parent=9108"}],"wp:term":[{"taxonomy":"product_cat","embeddable":true,"href":"https:\/\/frd-med.com\/index.php\/wp-json\/wp\/v2\/product_cat?post=9108"},{"taxonomy":"product_tag","embeddable":true,"href":"https:\/\/frd-med.com\/index.php\/wp-json\/wp\/v2\/product_tag?post=9108"}],"curies":[{"name":"wp","href":"https:\/\/api.w.org\/{rel}","templated":true}]}}